{"id":90,"date":"2017-08-21T11:00:02","date_gmt":"2017-08-21T11:00:02","guid":{"rendered":"https:\/\/bisamakina.com.tr\/?page_id=90"},"modified":"2023-06-09T21:47:38","modified_gmt":"2023-06-09T18:47:38","slug":"about-us-style-1","status":"publish","type":"page","link":"https:\/\/bisamakina.com.tr\/?page_id=90","title":{"rendered":"Hakk\u0131m\u0131zda"},"content":{"rendered":"<section class=\"wpb-content-wrapper\"><p>[vc_row content_placement=&#8221;middle&#8221;][vc_column][\/vc_column][vc_column width=&#8221;1\/2&#8243;][vc_empty_space height=&#8221;2rem&#8221; alter_height=&#8221;none&#8221; hide_on_desktop=&#8221;&#8221; hide_on_notebook=&#8221;&#8221; hide_on_tablet=&#8221;&#8221; hide_on_mobile=&#8221;&#8221;]<div id=\"sc_title_1175861933\"\n\t\tclass=\"sc_title color_style_default sc_title_2\"><h6 class=\"sc_item_subtitle sc_title_subtitle sc_align_left sc_item_title_style_2\">Biz kimiz<\/h6><h3 class=\"sc_item_title sc_title_title sc_align_left sc_item_title_style_2\">2011 Y\u0131l\u0131ndan beri<\/h3><div class=\"sc_item_descr sc_title_descr sc_align_left\"><p>2011 y\u0131l\u0131nda kurulan firmam\u0131z, i\u015f makinas\u0131 kiralama ve sat\u0131\u015f alan\u0131nda uzmanla\u015fm\u0131\u015f bir \u015firkettir. \u0130\u015fletmelerin ihtiya\u00e7lar\u0131na uygun, kaliteli ve g\u00fcvenilir i\u015f makinelerini temin etme konusunda ba\u015far\u0131l\u0131 bir ge\u00e7mi\u015fe sahibiz.<\/p>\n<\/div><\/div><!-- \/.sc_title -->[vc_empty_space height=&#8221;1rem&#8221; alter_height=&#8221;none&#8221; hide_on_desktop=&#8221;&#8221; hide_on_notebook=&#8221;&#8221; hide_on_tablet=&#8221;&#8221; hide_on_mobile=&#8221;&#8221;][\/vc_column][vc_column width=&#8221;1\/2&#8243;][vc_empty_space height=&#8221;2rem&#8221; alter_height=&#8221;none&#8221; hide_on_desktop=&#8221;&#8221; hide_on_notebook=&#8221;&#8221; hide_on_tablet=&#8221;&#8221; hide_on_mobile=&#8221;&#8221;][vc_single_image image=&#8221;1014&#8243; img_size=&#8221;full&#8221;][vc_empty_space height=&#8221;1rem&#8221; alter_height=&#8221;none&#8221; hide_on_desktop=&#8221;&#8221; hide_on_notebook=&#8221;&#8221; hide_on_tablet=&#8221;&#8221; hide_on_mobile=&#8221;&#8221;][\/vc_column][vc_column][vc_empty_space height=&#8221;4rem&#8221; alter_height=&#8221;none&#8221; hide_on_desktop=&#8221;&#8221; hide_on_notebook=&#8221;&#8221; hide_on_tablet=&#8221;&#8221; hide_on_mobile=&#8221;&#8221;][\/vc_column][\/vc_row][vc_row full_width=&#8221;stretch_row&#8221; extra_bg_mask=&#8221;5&#8243; hide_bg_image_on_tablet=&#8221;&#8221; hide_bg_image_on_mobile=&#8221;&#8221; css=&#8221;.vc_custom_1686335406881{background: #261712 url(https:\/\/bisamakina.com.tr\/wp-content\/uploads\/2023\/06\/1.jpg?id=1012) !important;background-position: center !important;background-repeat: no-repeat !important;background-size: cover !important;}&#8221;][vc_column icons_position=&#8221;left&#8221; offset=&#8221;vc_col-md-offset-1 vc_col-md-10&#8243;][vc_empty_space height=&#8221;3.15rem&#8221; alter_height=&#8221;none&#8221; hide_on_desktop=&#8221;&#8221; hide_on_notebook=&#8221;&#8221; hide_on_tablet=&#8221;&#8221; hide_on_mobile=&#8221;&#8221;][vc_empty_space height=&#8221;4rem&#8221; alter_height=&#8221;none&#8221; hide_on_desktop=&#8221;&#8221; hide_on_notebook=&#8221;&#8221; hide_on_tablet=&#8221;&#8221; hide_on_mobile=&#8221;&#8221;][vc_empty_space height=&#8221;4rem&#8221; alter_height=&#8221;none&#8221; hide_on_desktop=&#8221;&#8221; hide_on_notebook=&#8221;&#8221; hide_on_tablet=&#8221;&#8221; hide_on_mobile=&#8221;&#8221;]<div id=\"sc_content_1492343352\"\n\t\tclass=\"sc_content color_style_default sc_content_default sc_content_width_90p sc_float_center\"><div class=\"sc_content_container\"><div id=\"sc_title_611484079\"\n\t\tclass=\"sc_title color_style_link2 scheme_dark sc_title_3\"><h3 class=\"sc_item_title sc_title_title sc_align_center sc_item_title_style_3\">Uygun Makinalar, Ba\u015far\u0131l\u0131 Projelerin Anahtar\u0131<\/h3><\/div><!-- \/.sc_title -->[vc_empty_space height=&#8221;2.45rem&#8221; alter_height=&#8221;none&#8221; hide_on_desktop=&#8221;&#8221; hide_on_notebook=&#8221;&#8221; hide_on_tablet=&#8221;&#8221; hide_on_mobile=&#8221;&#8221;]<\/div><\/div><!-- \/.sc_content -->[vc_empty_space height=&#8221;2.9rem&#8221; alter_height=&#8221;none&#8221; hide_on_desktop=&#8221;&#8221; hide_on_notebook=&#8221;&#8221; hide_on_tablet=&#8221;&#8221; hide_on_mobile=&#8221;&#8221;][vc_empty_space height=&#8221;4rem&#8221; alter_height=&#8221;none&#8221; hide_on_desktop=&#8221;&#8221; hide_on_notebook=&#8221;&#8221; hide_on_tablet=&#8221;&#8221; hide_on_mobile=&#8221;&#8221;][\/vc_column][\/vc_row][vc_row][vc_column][vc_empty_space height=&#8221;4rem&#8221; alter_height=&#8221;none&#8221; hide_on_desktop=&#8221;&#8221; hide_on_notebook=&#8221;&#8221; hide_on_tablet=&#8221;&#8221; hide_on_mobile=&#8221;&#8221;][vc_empty_space height=&#8221;4rem&#8221; alter_height=&#8221;none&#8221; hide_on_desktop=&#8221;&#8221; hide_on_notebook=&#8221;&#8221; hide_on_tablet=&#8221;&#8221; hide_on_mobile=&#8221;&#8221;]<div id=\"sc_services_777796903\" class=\"sc_services color_style_default sc_services_default sc_services_featured_top\"><h6 class=\"sc_item_subtitle sc_services_subtitle sc_align_center sc_item_title_style_2\">Bisamakina<\/h6><h3 class=\"sc_item_title sc_services_title sc_align_center sc_item_title_style_2\">Neden biz<\/h3><div class=\"sc_services_columns_wrap sc_item_columns sc_item_columns_2 trx_addons_columns_wrap columns_padding_bottom\"><div class=\"trx_addons_column-1_2\"><div class=\"sc_services_item with_content with_number sc_services_item_featured_top\">\n\t<span class=\"sc_services_item_number\"> 1.<\/span>\t\n\t<div class=\"sc_services_item_info\">\n\t\t<div class=\"sc_services_item_header\">\n\t\t\t<h4 class=\"sc_services_item_title\"><a href=\"https:\/\/bisamakina.com.tr\/?cpt_services=innovative\">\u0130novatif<\/a><\/h4>\n\t\t<\/div>\n\t\t<div class=\"sc_services_item_content\"><p>Teknolojiye uyum sa\u011flama konusunda da \u00f6nc\u00fcy\u00fcz. Sekt\u00f6rdeki son geli\u015fmeleri yak\u0131ndan takip ederek, m\u00fc\u015fterilerimize en g\u00fcncel ve ileri teknolojiye sahip i\u015f makinelerini sunmaktay\u0131z. <\/p>\n<\/div>\n\t<\/div>\n<a href=\"https:\/\/bisamakina.com.tr\/?cpt_services=innovative\" class=\"\"><\/a>\n<\/div>\n<\/div><div class=\"trx_addons_column-1_2\"><div class=\"sc_services_item with_content with_number sc_services_item_featured_top\">\n\t<span class=\"sc_services_item_number\"> 2.<\/span>\t\n\t<div class=\"sc_services_item_info\">\n\t\t<div class=\"sc_services_item_header\">\n\t\t\t<h4 class=\"sc_services_item_title\"><a href=\"https:\/\/bisamakina.com.tr\/?cpt_services=modern-design\">Modern<\/a><\/h4>\n\t\t<\/div>\n\t\t<div class=\"sc_services_item_content\"><p>Firmam\u0131z, sekt\u00f6rdeki deneyimimiz ve uzman ekibimizle m\u00fc\u015fterilerimize en iyi hizmeti sunmay\u0131 hedeflemektedir. <\/p>\n<\/div>\n\t<\/div>\n<a href=\"https:\/\/bisamakina.com.tr\/?cpt_services=modern-design\" class=\"\"><\/a>\n<\/div>\n<\/div><div class=\"trx_addons_column-1_2\"><div class=\"sc_services_item with_content with_number sc_services_item_featured_top\">\n\t<span class=\"sc_services_item_number\"> 3.<\/span>\t\n\t<div class=\"sc_services_item_info\">\n\t\t<div class=\"sc_services_item_header\">\n\t\t\t<h4 class=\"sc_services_item_title\"><a href=\"https:\/\/bisamakina.com.tr\/?cpt_services=high-quality\">Y\u00fcksek Kalite<\/a><\/h4>\n\t\t<\/div>\n\t\t<div class=\"sc_services_item_content\"><p>M\u00fc\u015fteri memnuniyeti bizim \u00f6nceli\u011fimizdir. Profesyonel ve etkili bir hizmet sunmak i\u00e7in s\u00fcrekli olarak m\u00fc\u015fteri geri bildirimlerini de\u011ferlendiriyor ve i\u015f s\u00fcre\u00e7lerimizi geli\u015ftiriyoruz. <\/p>\n<\/div>\n\t<\/div>\n<a href=\"https:\/\/bisamakina.com.tr\/?cpt_services=high-quality\" class=\"\"><\/a>\n<\/div>\n<\/div><div class=\"trx_addons_column-1_2\"><div class=\"sc_services_item with_content with_number sc_services_item_featured_top\">\n\t<span class=\"sc_services_item_number\"> 4.<\/span>\t\n\t<div class=\"sc_services_item_info\">\n\t\t<div class=\"sc_services_item_header\">\n\t\t\t<h4 class=\"sc_services_item_title\"><a href=\"https:\/\/bisamakina.com.tr\/?cpt_services=functional\">Fonksiyonel<\/a><\/h4>\n\t\t<\/div>\n\t\t<div class=\"sc_services_item_content\"><p>Firmam\u0131z\u0131n i\u015f makinalar\u0131 kiralama ve sat\u0131\u015f hizmetlerinin yan\u0131 s\u0131ra, bak\u0131m ve onar\u0131m, yedek par\u00e7a temini ve teknik destek gibi konularda da m\u00fc\u015fterilerimize destek sa\u011fl\u0131yoruz.<\/p>\n<\/div>\n\t<\/div>\n<a href=\"https:\/\/bisamakina.com.tr\/?cpt_services=functional\" class=\"\"><\/a>\n<\/div>\n<\/div><\/div><\/div><!-- \/.sc_services -->[\/vc_column][\/vc_row][vc_row][vc_column][vc_empty_space height=&#8221;4rem&#8221; alter_height=&#8221;none&#8221; hide_on_desktop=&#8221;&#8221; hide_on_notebook=&#8221;&#8221; hide_on_tablet=&#8221;&#8221; hide_on_mobile=&#8221;&#8221;][vc_empty_space height=&#8221;4rem&#8221; alter_height=&#8221;none&#8221; hide_on_desktop=&#8221;&#8221; hide_on_notebook=&#8221;&#8221; hide_on_tablet=&#8221;&#8221; hide_on_mobile=&#8221;&#8221;][\/vc_column][\/vc_row]<\/p>\n<\/section>","protected":false},"excerpt":{"rendered":"<p>[vc_row content_placement=&#8221;middle&#8221;][vc_column][\/vc_column][vc_column width=&#8221;1\/2&#8243;][vc_empty_space height=&#8221;2rem&#8221; alter_height=&#8221;none&#8221; hide_on_desktop=&#8221;&#8221; hide_on_notebook=&#8221;&#8221; hide_on_tablet=&#8221;&#8221; hide_on_mobile=&#8221;&#8221;][vc_empty_space height=&#8221;1rem&#8221; alter_height=&#8221;none&#8221; hide_on_desktop=&#8221;&#8221; hide_on_notebook=&#8221;&#8221; hide_on_tablet=&#8221;&#8221; hide_on_mobile=&#8221;&#8221;][\/vc_column][vc_column width=&#8221;1\/2&#8243;][vc_empty_space height=&#8221;2rem&#8221; alter_height=&#8221;none&#8221; hide_on_desktop=&#8221;&#8221; hide_on_notebook=&#8221;&#8221; hide_on_tablet=&#8221;&#8221; hide_on_mobile=&#8221;&#8221;][vc_single_image image=&#8221;1014&#8243; img_size=&#8221;full&#8221;][vc_empty_space height=&#8221;1rem&#8221; alter_height=&#8221;none&#8221; hide_on_desktop=&#8221;&#8221; hide_on_notebook=&#8221;&#8221; hide_on_tablet=&#8221;&#8221; hide_on_mobile=&#8221;&#8221;][\/vc_column][vc_column][vc_empty_space height=&#8221;4rem&#8221; alter_height=&#8221;none&#8221; hide_on_desktop=&#8221;&#8221; hide_on_notebook=&#8221;&#8221; hide_on_tablet=&#8221;&#8221; hide_on_mobile=&#8221;&#8221;][\/vc_column][\/vc_row][vc_row full_width=&#8221;stretch_row&#8221; extra_bg_mask=&#8221;5&#8243; hide_bg_image_on_tablet=&#8221;&#8221; hide_bg_image_on_mobile=&#8221;&#8221;&hellip;<\/p>\n","protected":false},"author":1,"featured_media":0,"parent":0,"menu_order":0,"comment_status":"closed","ping_status":"closed","template":"","meta":[],"yoast_head":"<!-- This site is optimized with the Yoast SEO plugin v20.9 - https:\/\/yoast.com\/wordpress\/plugins\/seo\/ -->\n<title>Hakk\u0131m\u0131zda - Bisa Makina<\/title>\n<meta name=\"description\" content=\"Makina, ekskavat\u00f6r kiralama ve sat\u0131\u015f hizmetleri sunan lider bir \u015firkettir. En kaliteli ve g\u00fcvenilir ekskavat\u00f6rleri kiralamak veya sat\u0131n almak i\u00e7in bize ba\u015fvurun. Geni\u015f makina parkurumuz ve deneyimli ekibimizle m\u00fc\u015fteri memnuniyetine odaklanarak h\u0131zl\u0131 ve etkili \u00e7\u00f6z\u00fcmler sunuyoruz.\" \/>\n<meta name=\"robots\" content=\"index, follow, max-snippet:-1, max-image-preview:large, max-video-preview:-1\" \/>\n<link rel=\"canonical\" href=\"https:\/\/bisamakina.com.tr\/?page_id=90\" \/>\n<meta property=\"og:locale\" content=\"en_US\" \/>\n<meta property=\"og:type\" content=\"article\" \/>\n<meta property=\"og:title\" content=\"Hakk\u0131m\u0131zda - Bisa Makina\" \/>\n<meta property=\"og:description\" content=\"Makina, ekskavat\u00f6r kiralama ve sat\u0131\u015f hizmetleri sunan lider bir \u015firkettir. En kaliteli ve g\u00fcvenilir ekskavat\u00f6rleri kiralamak veya sat\u0131n almak i\u00e7in bize ba\u015fvurun. Geni\u015f makina parkurumuz ve deneyimli ekibimizle m\u00fc\u015fteri memnuniyetine odaklanarak h\u0131zl\u0131 ve etkili \u00e7\u00f6z\u00fcmler sunuyoruz.\" \/>\n<meta property=\"og:url\" content=\"https:\/\/bisamakina.com.tr\/?page_id=90\" \/>\n<meta property=\"og:site_name\" content=\"Bisa Makina\" \/>\n<meta property=\"article:modified_time\" content=\"2023-06-09T18:47:38+00:00\" \/>\n<meta property=\"og:image\" content=\"https:\/\/bisamakina.com.tr\/wp-content\/uploads\/2023\/06\/logo.png\" \/>\n\t<meta property=\"og:image:width\" content=\"4163\" \/>\n\t<meta property=\"og:image:height\" content=\"1494\" \/>\n\t<meta property=\"og:image:type\" content=\"image\/png\" \/>\n<meta name=\"twitter:card\" content=\"summary_large_image\" \/>\n<meta name=\"twitter:label1\" content=\"Est. reading time\" \/>\n\t<meta name=\"twitter:data1\" content=\"3 minutes\" \/>\n<script type=\"application\/ld+json\" class=\"yoast-schema-graph\">{\"@context\":\"https:\/\/schema.org\",\"@graph\":[{\"@type\":\"WebPage\",\"@id\":\"https:\/\/bisamakina.com.tr\/?page_id=90\",\"url\":\"https:\/\/bisamakina.com.tr\/?page_id=90\",\"name\":\"Hakk\u0131m\u0131zda - Bisa Makina\",\"isPartOf\":{\"@id\":\"https:\/\/bisamakina.com.tr\/#website\"},\"datePublished\":\"2017-08-21T11:00:02+00:00\",\"dateModified\":\"2023-06-09T18:47:38+00:00\",\"description\":\"Makina, ekskavat\u00f6r kiralama ve sat\u0131\u015f hizmetleri sunan lider bir \u015firkettir. En kaliteli ve g\u00fcvenilir ekskavat\u00f6rleri kiralamak veya sat\u0131n almak i\u00e7in bize ba\u015fvurun. Geni\u015f makina parkurumuz ve deneyimli ekibimizle m\u00fc\u015fteri memnuniyetine odaklanarak h\u0131zl\u0131 ve etkili \u00e7\u00f6z\u00fcmler sunuyoruz.\",\"breadcrumb\":{\"@id\":\"https:\/\/bisamakina.com.tr\/?page_id=90#breadcrumb\"},\"inLanguage\":\"en-US\",\"potentialAction\":[{\"@type\":\"ReadAction\",\"target\":[\"https:\/\/bisamakina.com.tr\/?page_id=90\"]}]},{\"@type\":\"BreadcrumbList\",\"@id\":\"https:\/\/bisamakina.com.tr\/?page_id=90#breadcrumb\",\"itemListElement\":[{\"@type\":\"ListItem\",\"position\":1,\"name\":\"Anasayfa\",\"item\":\"https:\/\/bisamakina.com.tr\/\"},{\"@type\":\"ListItem\",\"position\":2,\"name\":\"Hakk\u0131m\u0131zda\"}]},{\"@type\":\"WebSite\",\"@id\":\"https:\/\/bisamakina.com.tr\/#website\",\"url\":\"https:\/\/bisamakina.com.tr\/\",\"name\":\"Bisa Makina |\",\"description\":\"\",\"publisher\":{\"@id\":\"https:\/\/bisamakina.com.tr\/#organization\"},\"potentialAction\":[{\"@type\":\"SearchAction\",\"target\":{\"@type\":\"EntryPoint\",\"urlTemplate\":\"https:\/\/bisamakina.com.tr\/?s={search_term_string}\"},\"query-input\":\"required name=search_term_string\"}],\"inLanguage\":\"en-US\"},{\"@type\":\"Organization\",\"@id\":\"https:\/\/bisamakina.com.tr\/#organization\",\"name\":\"Bisa Makina |\",\"url\":\"https:\/\/bisamakina.com.tr\/\",\"logo\":{\"@type\":\"ImageObject\",\"inLanguage\":\"en-US\",\"@id\":\"https:\/\/bisamakina.com.tr\/#\/schema\/logo\/image\/\",\"url\":\"https:\/\/bisamakina.com.tr\/wp-content\/uploads\/2023\/06\/cropped-favicon.png\",\"contentUrl\":\"https:\/\/bisamakina.com.tr\/wp-content\/uploads\/2023\/06\/cropped-favicon.png\",\"width\":512,\"height\":512,\"caption\":\"Bisa Makina |\"},\"image\":{\"@id\":\"https:\/\/bisamakina.com.tr\/#\/schema\/logo\/image\/\"}}]}<\/script>\n<!-- \/ Yoast SEO plugin. -->","yoast_head_json":{"title":"Hakk\u0131m\u0131zda - Bisa Makina","description":"Makina, ekskavat\u00f6r kiralama ve sat\u0131\u015f hizmetleri sunan lider bir \u015firkettir. En kaliteli ve g\u00fcvenilir ekskavat\u00f6rleri kiralamak veya sat\u0131n almak i\u00e7in bize ba\u015fvurun. Geni\u015f makina parkurumuz ve deneyimli ekibimizle m\u00fc\u015fteri memnuniyetine odaklanarak h\u0131zl\u0131 ve etkili \u00e7\u00f6z\u00fcmler sunuyoruz.","robots":{"index":"index","follow":"follow","max-snippet":"max-snippet:-1","max-image-preview":"max-image-preview:large","max-video-preview":"max-video-preview:-1"},"canonical":"https:\/\/bisamakina.com.tr\/?page_id=90","og_locale":"en_US","og_type":"article","og_title":"Hakk\u0131m\u0131zda - Bisa Makina","og_description":"Makina, ekskavat\u00f6r kiralama ve sat\u0131\u015f hizmetleri sunan lider bir \u015firkettir. En kaliteli ve g\u00fcvenilir ekskavat\u00f6rleri kiralamak veya sat\u0131n almak i\u00e7in bize ba\u015fvurun. Geni\u015f makina parkurumuz ve deneyimli ekibimizle m\u00fc\u015fteri memnuniyetine odaklanarak h\u0131zl\u0131 ve etkili \u00e7\u00f6z\u00fcmler sunuyoruz.","og_url":"https:\/\/bisamakina.com.tr\/?page_id=90","og_site_name":"Bisa Makina","article_modified_time":"2023-06-09T18:47:38+00:00","og_image":[{"width":4163,"height":1494,"url":"https:\/\/bisamakina.com.tr\/wp-content\/uploads\/2023\/06\/logo.png","type":"image\/png"}],"twitter_card":"summary_large_image","twitter_misc":{"Est. reading time":"3 minutes"},"schema":{"@context":"https:\/\/schema.org","@graph":[{"@type":"WebPage","@id":"https:\/\/bisamakina.com.tr\/?page_id=90","url":"https:\/\/bisamakina.com.tr\/?page_id=90","name":"Hakk\u0131m\u0131zda - Bisa Makina","isPartOf":{"@id":"https:\/\/bisamakina.com.tr\/#website"},"datePublished":"2017-08-21T11:00:02+00:00","dateModified":"2023-06-09T18:47:38+00:00","description":"Makina, ekskavat\u00f6r kiralama ve sat\u0131\u015f hizmetleri sunan lider bir \u015firkettir. En kaliteli ve g\u00fcvenilir ekskavat\u00f6rleri kiralamak veya sat\u0131n almak i\u00e7in bize ba\u015fvurun. Geni\u015f makina parkurumuz ve deneyimli ekibimizle m\u00fc\u015fteri memnuniyetine odaklanarak h\u0131zl\u0131 ve etkili \u00e7\u00f6z\u00fcmler sunuyoruz.","breadcrumb":{"@id":"https:\/\/bisamakina.com.tr\/?page_id=90#breadcrumb"},"inLanguage":"en-US","potentialAction":[{"@type":"ReadAction","target":["https:\/\/bisamakina.com.tr\/?page_id=90"]}]},{"@type":"BreadcrumbList","@id":"https:\/\/bisamakina.com.tr\/?page_id=90#breadcrumb","itemListElement":[{"@type":"ListItem","position":1,"name":"Anasayfa","item":"https:\/\/bisamakina.com.tr\/"},{"@type":"ListItem","position":2,"name":"Hakk\u0131m\u0131zda"}]},{"@type":"WebSite","@id":"https:\/\/bisamakina.com.tr\/#website","url":"https:\/\/bisamakina.com.tr\/","name":"Bisa Makina |","description":"","publisher":{"@id":"https:\/\/bisamakina.com.tr\/#organization"},"potentialAction":[{"@type":"SearchAction","target":{"@type":"EntryPoint","urlTemplate":"https:\/\/bisamakina.com.tr\/?s={search_term_string}"},"query-input":"required name=search_term_string"}],"inLanguage":"en-US"},{"@type":"Organization","@id":"https:\/\/bisamakina.com.tr\/#organization","name":"Bisa Makina |","url":"https:\/\/bisamakina.com.tr\/","logo":{"@type":"ImageObject","inLanguage":"en-US","@id":"https:\/\/bisamakina.com.tr\/#\/schema\/logo\/image\/","url":"https:\/\/bisamakina.com.tr\/wp-content\/uploads\/2023\/06\/cropped-favicon.png","contentUrl":"https:\/\/bisamakina.com.tr\/wp-content\/uploads\/2023\/06\/cropped-favicon.png","width":512,"height":512,"caption":"Bisa Makina |"},"image":{"@id":"https:\/\/bisamakina.com.tr\/#\/schema\/logo\/image\/"}}]}},"_links":{"self":[{"href":"https:\/\/bisamakina.com.tr\/index.php?rest_route=\/wp\/v2\/pages\/90"}],"collection":[{"href":"https:\/\/bisamakina.com.tr\/index.php?rest_route=\/wp\/v2\/pages"}],"about":[{"href":"https:\/\/bisamakina.com.tr\/index.php?rest_route=\/wp\/v2\/types\/page"}],"author":[{"embeddable":true,"href":"https:\/\/bisamakina.com.tr\/index.php?rest_route=\/wp\/v2\/users\/1"}],"replies":[{"embeddable":true,"href":"https:\/\/bisamakina.com.tr\/index.php?rest_route=%2Fwp%2Fv2%2Fcomments&post=90"}],"version-history":[{"count":7,"href":"https:\/\/bisamakina.com.tr\/index.php?rest_route=\/wp\/v2\/pages\/90\/revisions"}],"predecessor-version":[{"id":1020,"href":"https:\/\/bisamakina.com.tr\/index.php?rest_route=\/wp\/v2\/pages\/90\/revisions\/1020"}],"wp:attachment":[{"href":"https:\/\/bisamakina.com.tr\/index.php?rest_route=%2Fwp%2Fv2%2Fmedia&parent=90"}],"curies":[{"name":"wp","href":"https:\/\/api.w.org\/{rel}","templated":true}]}}