{"id":94,"date":"2017-08-21T11:00:59","date_gmt":"2017-08-21T11:00:59","guid":{"rendered":"https:\/\/bisamakina.com.tr\/?page_id=94"},"modified":"2023-06-13T14:38:34","modified_gmt":"2023-06-13T11:38:34","slug":"contacts","status":"publish","type":"page","link":"https:\/\/bisamakina.com.tr\/?page_id=94","title":{"rendered":"\u0130leti\u015fim"},"content":{"rendered":"<section class=\"wpb-content-wrapper\"><p>[vc_row full_width=&#8221;stretch_row_content_no_spaces&#8221; equal_height=&#8221;yes&#8221; content_placement=&#8221;middle&#8221; hide_bg_image_on_tablet=&#8221;&#8221; hide_bg_image_on_mobile=&#8221;&#8221;][vc_column scheme=&#8221;dark&#8221; css=&#8221;.vc_custom_1513334046453{background-color: #f3ab3b !important;}&#8221; offset=&#8221;vc_col-md-6&#8243;][vc_empty_space height=&#8221;4rem&#8221; alter_height=&#8221;none&#8221; hide_on_desktop=&#8221;&#8221; hide_on_notebook=&#8221;&#8221; hide_on_tablet=&#8221;&#8221; hide_on_mobile=&#8221;&#8221;][vc_empty_space height=&#8221;4.95rem&#8221; alter_height=&#8221;none&#8221; hide_on_desktop=&#8221;&#8221; hide_on_notebook=&#8221;&#8221; hide_on_tablet=&#8221;&#8221; hide_on_mobile=&#8221;&#8221;][vc_row_inner][vc_column_inner width=&#8221;5\/6&#8243; offset=&#8221;vc_col-lg-offset-4 vc_col-lg-7 vc_col-sm-offset-1&#8243;]<div id=\"sc_content_192686507\"\n\t\tclass=\"sc_content color_style_default sc_content_default sc_content_width_90p sc_float_center\"><div class=\"sc_content_container\"><div id=\"sc_title_1233662598\"\n\t\tclass=\"sc_title color_style_dark sc_title_default\"><h6 class=\"sc_item_subtitle sc_title_subtitle sc_align_left sc_item_title_style_default\">Her zaman yan\u0131n\u0131zda<\/h6><h3 class=\"sc_item_title sc_title_title sc_align_left sc_item_title_style_default\">\u0130leti\u015fim Kanallar\u0131<\/h3><\/div><!-- \/.sc_title -->[vc_empty_space height=&#8221;2.25rem&#8221; alter_height=&#8221;none&#8221; hide_on_desktop=&#8221;&#8221; hide_on_notebook=&#8221;&#8221; hide_on_tablet=&#8221;&#8221; hide_on_mobile=&#8221;&#8221;]<div id=\"widget_contacts_1486648957\" class=\"widget_area sc_widget_contacts vc_widget_contacts wpb_content_element\"><aside id=\"widget_contacts_1486648957_widget\" class=\"widget widget_contacts\"><div class=\"contacts_wrap\"><div class=\"contacts_info\"><span class=\"contacts_phone\"><i class=\"contacts_icon icon-icon3\"><\/i><span class=\"contacts_phone_label\">Profesyonel Destek<\/span><a href=\"tel:05559657955\">0555 965 79 55<\/a><\/span><span class=\"contacts_email\"><i class=\"contacts_icon icon-icon_envelope\"><\/i><span class=\"contacts_email_label\">7\/24 Bize Yazabilirsiniz<\/span><a href=\"mailto:&#105;&#110;f&#111;&#64;bi&#115;&#97;ma&#107;&#105;na.&#99;o&#109;&#46;tr\">&#105;n&#102;&#111;&#64;bis&#97;&#109;a&#107;&#105;n&#97;&#46;com.tr<\/a><\/span><span class=\"contacts_address\"><i class=\"contacts_icon icon-icon1\"><\/i><span class=\"contacts_address_label\">Bizi Ziyaret Edin<\/span><span>Cumhuriyet Mh. G\u00fcney Yanyol Cd.. N:20, Gebze \/ Kocaeli<\/span><\/span><\/div><\/div><!-- \/.contacts_wrap --><\/aside><\/div><\/div><\/div><!-- \/.sc_content -->[\/vc_column_inner][\/vc_row_inner][vc_empty_space height=&#8221;3rem&#8221; alter_height=&#8221;none&#8221; hide_on_desktop=&#8221;&#8221; hide_on_notebook=&#8221;&#8221; hide_on_tablet=&#8221;&#8221; hide_on_mobile=&#8221;&#8221;][vc_empty_space height=&#8221;4.55rem&#8221; alter_height=&#8221;none&#8221; hide_on_desktop=&#8221;&#8221; hide_on_notebook=&#8221;&#8221; hide_on_tablet=&#8221;&#8221; hide_on_mobile=&#8221;&#8221;][\/vc_column][vc_column offset=&#8221;vc_col-md-6&#8243;][vc_empty_space height=&#8221;4rem&#8221; alter_height=&#8221;none&#8221; hide_on_desktop=&#8221;&#8221; hide_on_notebook=&#8221;&#8221; hide_on_tablet=&#8221;&#8221; hide_on_mobile=&#8221;&#8221;][vc_empty_space height=&#8221;4.5rem&#8221; alter_height=&#8221;none&#8221; hide_on_desktop=&#8221;&#8221; hide_on_notebook=&#8221;&#8221; hide_on_tablet=&#8221;&#8221; hide_on_mobile=&#8221;&#8221;][vc_row_inner][vc_column_inner width=&#8221;5\/6&#8243; offset=&#8221;vc_col-lg-8 vc_col-sm-offset-1&#8243;]<div id=\"sc_content_1723002569\"\n\t\tclass=\"sc_content color_style_default sc_content_default sc_content_width_90p sc_float_center\"><div class=\"sc_content_container\"><div id=\"sc_title_1246117205\"\n\t\tclass=\"sc_title color_style_default sc_title_default  vc_custom_1686656104141\"><h3 class=\"sc_item_title sc_title_title sc_align_left sc_item_title_style_default\">\u0130leti\u015fim Formu<\/h3><\/div><!-- \/.sc_title -->\n<div class=\"wpcf7 no-js\" id=\"wpcf7-f921-o1\" lang=\"en-US\" dir=\"ltr\">\n<div class=\"screen-reader-response\"><p role=\"status\" aria-live=\"polite\" aria-atomic=\"true\"><\/p> <ul><\/ul><\/div>\n<form action=\"\/index.php?rest_route=%2Fwp%2Fv2%2Fpages%2F94#wpcf7-f921-o1\" method=\"post\" class=\"wpcf7-form init\" aria-label=\"Contact form\" novalidate=\"novalidate\" data-status=\"init\">\n<div style=\"display: none;\">\n<input type=\"hidden\" name=\"_wpcf7\" value=\"921\" \/>\n<input type=\"hidden\" name=\"_wpcf7_version\" value=\"5.7.7\" \/>\n<input type=\"hidden\" name=\"_wpcf7_locale\" value=\"en_US\" \/>\n<input type=\"hidden\" name=\"_wpcf7_unit_tag\" value=\"wpcf7-f921-o1\" \/>\n<input type=\"hidden\" name=\"_wpcf7_container_post\" value=\"0\" \/>\n<input type=\"hidden\" name=\"_wpcf7_posted_data_hash\" value=\"\" \/>\n<\/div>\n<div class=\"flex\">\n<div class='itm row' ><span class=\"wpcf7-form-control-wrap\" data-name=\"your-name\"><input size=\"40\" class=\"wpcf7-form-control wpcf7-text wpcf7-validates-as-required\" aria-required=\"true\" aria-invalid=\"false\" placeholder=\"\u0130sminiz*\" value=\"\" type=\"text\" name=\"your-name\" \/><\/span><\/div> \n<div class='itm row'><span class=\"wpcf7-form-control-wrap\" data-name=\"your-email\"><input size=\"40\" class=\"wpcf7-form-control wpcf7-text wpcf7-email wpcf7-validates-as-required wpcf7-validates-as-email\" aria-required=\"true\" aria-invalid=\"false\" placeholder=\"E-Posta Adresi*\" value=\"\" type=\"email\" name=\"your-email\" \/><\/span><\/div><\/div>\n<div class=''><span class=\"wpcf7-form-control-wrap\" data-name=\"your-message\"><textarea cols=\"40\" rows=\"10\" class=\"wpcf7-form-control wpcf7-textarea wpcf7-validates-as-required\" aria-required=\"true\" aria-invalid=\"false\" placeholder=\"Mesaj\u0131n\u0131z*\" name=\"your-message\"><\/textarea><\/span><\/div>\n<div class=\"sc_form_field sc_form_field_button sc_form_field_submit\"><input class=\"wpcf7-form-control has-spinner wpcf7-submit\" type=\"submit\" value=\"G\u00f6nder\" \/><\/div><div class=\"wpcf7-response-output\" aria-hidden=\"true\"><\/div>\n<\/form>\n<\/div>\n<\/div><\/div><!-- \/.sc_content -->[\/vc_column_inner][\/vc_row_inner][vc_empty_space height=&#8221;1rem&#8221; alter_height=&#8221;none&#8221; hide_on_desktop=&#8221;&#8221; hide_on_notebook=&#8221;&#8221; hide_on_tablet=&#8221;&#8221; hide_on_mobile=&#8221;&#8221;][vc_empty_space height=&#8221;4.7rem&#8221; alter_height=&#8221;none&#8221; hide_on_desktop=&#8221;&#8221; hide_on_notebook=&#8221;&#8221; hide_on_tablet=&#8221;&#8221; hide_on_mobile=&#8221;&#8221;][\/vc_column][\/vc_row][vc_row full_width=&#8221;stretch_row_content_no_spaces&#8221;][vc_column]<div id=\"sc_googlemap_1758577828_wrap\" class=\"sc_googlemap_wrap\"><div id=\"sc_googlemap_1758577828\"\n\t\t\tclass=\"sc_googlemap sc_googlemap_default\"\n\t\t\t style=\"width:100%;height:40.25rem;\"\t\t\tdata-zoom=\"13\"\n\t\t\tdata-style=\"dark\"\n\t\t\tdata-cluster-icon=\"\"\n\t\t\t><iframe\n                        src=\"https:\/\/maps.google.com\/maps?t=m&output=embed&iwloc=near&z=13&q=Cumhuriyet+Mh.+G%C3%BCney+Yanyol+Cd..+N%3A20%2C+Gebze+%2F+Kocaeli\"\n                        scrolling=\"no\"\n                        marginheight=\"0\"\n                        marginwidth=\"0\"\n                        frameborder=\"0\"\n                        aria-label=\"\"><\/iframe><\/div><\/div><!-- \/.sc_googlemap_wrap -->[\/vc_column][\/vc_row]<\/p>\n<\/section>","protected":false},"excerpt":{"rendered":"<p>[vc_row full_width=&#8221;stretch_row_content_no_spaces&#8221; equal_height=&#8221;yes&#8221; content_placement=&#8221;middle&#8221; hide_bg_image_on_tablet=&#8221;&#8221; hide_bg_image_on_mobile=&#8221;&#8221;][vc_column scheme=&#8221;dark&#8221; css=&#8221;.vc_custom_1513334046453{background-color: #f3ab3b !important;}&#8221; offset=&#8221;vc_col-md-6&#8243;][vc_empty_space height=&#8221;4rem&#8221; alter_height=&#8221;none&#8221; hide_on_desktop=&#8221;&#8221; hide_on_notebook=&#8221;&#8221; hide_on_tablet=&#8221;&#8221; hide_on_mobile=&#8221;&#8221;][vc_empty_space height=&#8221;4.95rem&#8221; alter_height=&#8221;none&#8221; hide_on_desktop=&#8221;&#8221; hide_on_notebook=&#8221;&#8221; hide_on_tablet=&#8221;&#8221; hide_on_mobile=&#8221;&#8221;][vc_row_inner][vc_column_inner width=&#8221;5\/6&#8243; offset=&#8221;vc_col-lg-offset-4 vc_col-lg-7 vc_col-sm-offset-1&#8243;][\/vc_column_inner][\/vc_row_inner][vc_empty_space height=&#8221;3rem&#8221; alter_height=&#8221;none&#8221; hide_on_desktop=&#8221;&#8221; hide_on_notebook=&#8221;&#8221; hide_on_tablet=&#8221;&#8221; hide_on_mobile=&#8221;&#8221;][vc_empty_space height=&#8221;4.55rem&#8221; alter_height=&#8221;none&#8221; hide_on_desktop=&#8221;&#8221; hide_on_notebook=&#8221;&#8221; hide_on_tablet=&#8221;&#8221; hide_on_mobile=&#8221;&#8221;][\/vc_column][vc_column offset=&#8221;vc_col-md-6&#8243;][vc_empty_space&hellip;<\/p>\n","protected":false},"author":1,"featured_media":0,"parent":0,"menu_order":0,"comment_status":"closed","ping_status":"closed","template":"","meta":[],"yoast_head":"<!-- This site is optimized with the Yoast SEO plugin v20.9 - https:\/\/yoast.com\/wordpress\/plugins\/seo\/ -->\n<title>\u0130leti\u015fim - Bisa Makina<\/title>\n<meta name=\"description\" content=\"Makina, ekskavat\u00f6r kiralama ve sat\u0131\u015f hizmetleri sunan lider bir \u015firkettir. En kaliteli ve g\u00fcvenilir ekskavat\u00f6rleri kiralamak veya sat\u0131n almak i\u00e7in bize ba\u015fvurun. Geni\u015f makina parkurumuz ve deneyimli ekibimizle m\u00fc\u015fteri memnuniyetine odaklanarak h\u0131zl\u0131 ve etkili \u00e7\u00f6z\u00fcmler sunuyoruz.\" \/>\n<meta name=\"robots\" content=\"index, follow, max-snippet:-1, max-image-preview:large, max-video-preview:-1\" \/>\n<link rel=\"canonical\" href=\"https:\/\/bisamakina.com.tr\/?page_id=94\" \/>\n<meta property=\"og:locale\" content=\"en_US\" \/>\n<meta property=\"og:type\" content=\"article\" \/>\n<meta property=\"og:title\" content=\"\u0130leti\u015fim - Bisa Makina\" \/>\n<meta property=\"og:description\" content=\"Makina, ekskavat\u00f6r kiralama ve sat\u0131\u015f hizmetleri sunan lider bir \u015firkettir. En kaliteli ve g\u00fcvenilir ekskavat\u00f6rleri kiralamak veya sat\u0131n almak i\u00e7in bize ba\u015fvurun. Geni\u015f makina parkurumuz ve deneyimli ekibimizle m\u00fc\u015fteri memnuniyetine odaklanarak h\u0131zl\u0131 ve etkili \u00e7\u00f6z\u00fcmler sunuyoruz.\" \/>\n<meta property=\"og:url\" content=\"https:\/\/bisamakina.com.tr\/?page_id=94\" \/>\n<meta property=\"og:site_name\" content=\"Bisa Makina\" \/>\n<meta property=\"article:modified_time\" content=\"2023-06-13T11:38:34+00:00\" \/>\n<meta property=\"og:image\" content=\"https:\/\/bisamakina.com.tr\/wp-content\/uploads\/2023\/06\/logo.png\" \/>\n\t<meta property=\"og:image:width\" content=\"4163\" \/>\n\t<meta property=\"og:image:height\" content=\"1494\" \/>\n\t<meta property=\"og:image:type\" content=\"image\/png\" \/>\n<meta name=\"twitter:card\" content=\"summary_large_image\" \/>\n<meta name=\"twitter:label1\" content=\"Est. reading time\" \/>\n\t<meta name=\"twitter:data1\" content=\"2 minutes\" \/>\n<script type=\"application\/ld+json\" class=\"yoast-schema-graph\">{\"@context\":\"https:\/\/schema.org\",\"@graph\":[{\"@type\":\"WebPage\",\"@id\":\"https:\/\/bisamakina.com.tr\/?page_id=94\",\"url\":\"https:\/\/bisamakina.com.tr\/?page_id=94\",\"name\":\"\u0130leti\u015fim - Bisa Makina\",\"isPartOf\":{\"@id\":\"https:\/\/bisamakina.com.tr\/#website\"},\"datePublished\":\"2017-08-21T11:00:59+00:00\",\"dateModified\":\"2023-06-13T11:38:34+00:00\",\"description\":\"Makina, ekskavat\u00f6r kiralama ve sat\u0131\u015f hizmetleri sunan lider bir \u015firkettir. En kaliteli ve g\u00fcvenilir ekskavat\u00f6rleri kiralamak veya sat\u0131n almak i\u00e7in bize ba\u015fvurun. Geni\u015f makina parkurumuz ve deneyimli ekibimizle m\u00fc\u015fteri memnuniyetine odaklanarak h\u0131zl\u0131 ve etkili \u00e7\u00f6z\u00fcmler sunuyoruz.\",\"breadcrumb\":{\"@id\":\"https:\/\/bisamakina.com.tr\/?page_id=94#breadcrumb\"},\"inLanguage\":\"en-US\",\"potentialAction\":[{\"@type\":\"ReadAction\",\"target\":[\"https:\/\/bisamakina.com.tr\/?page_id=94\"]}]},{\"@type\":\"BreadcrumbList\",\"@id\":\"https:\/\/bisamakina.com.tr\/?page_id=94#breadcrumb\",\"itemListElement\":[{\"@type\":\"ListItem\",\"position\":1,\"name\":\"Anasayfa\",\"item\":\"https:\/\/bisamakina.com.tr\/\"},{\"@type\":\"ListItem\",\"position\":2,\"name\":\"\u0130leti\u015fim\"}]},{\"@type\":\"WebSite\",\"@id\":\"https:\/\/bisamakina.com.tr\/#website\",\"url\":\"https:\/\/bisamakina.com.tr\/\",\"name\":\"Bisa Makina |\",\"description\":\"\",\"publisher\":{\"@id\":\"https:\/\/bisamakina.com.tr\/#organization\"},\"potentialAction\":[{\"@type\":\"SearchAction\",\"target\":{\"@type\":\"EntryPoint\",\"urlTemplate\":\"https:\/\/bisamakina.com.tr\/?s={search_term_string}\"},\"query-input\":\"required name=search_term_string\"}],\"inLanguage\":\"en-US\"},{\"@type\":\"Organization\",\"@id\":\"https:\/\/bisamakina.com.tr\/#organization\",\"name\":\"Bisa Makina |\",\"url\":\"https:\/\/bisamakina.com.tr\/\",\"logo\":{\"@type\":\"ImageObject\",\"inLanguage\":\"en-US\",\"@id\":\"https:\/\/bisamakina.com.tr\/#\/schema\/logo\/image\/\",\"url\":\"https:\/\/bisamakina.com.tr\/wp-content\/uploads\/2023\/06\/cropped-favicon.png\",\"contentUrl\":\"https:\/\/bisamakina.com.tr\/wp-content\/uploads\/2023\/06\/cropped-favicon.png\",\"width\":512,\"height\":512,\"caption\":\"Bisa Makina |\"},\"image\":{\"@id\":\"https:\/\/bisamakina.com.tr\/#\/schema\/logo\/image\/\"}}]}<\/script>\n<!-- \/ Yoast SEO plugin. -->","yoast_head_json":{"title":"\u0130leti\u015fim - Bisa Makina","description":"Makina, ekskavat\u00f6r kiralama ve sat\u0131\u015f hizmetleri sunan lider bir \u015firkettir. En kaliteli ve g\u00fcvenilir ekskavat\u00f6rleri kiralamak veya sat\u0131n almak i\u00e7in bize ba\u015fvurun. Geni\u015f makina parkurumuz ve deneyimli ekibimizle m\u00fc\u015fteri memnuniyetine odaklanarak h\u0131zl\u0131 ve etkili \u00e7\u00f6z\u00fcmler sunuyoruz.","robots":{"index":"index","follow":"follow","max-snippet":"max-snippet:-1","max-image-preview":"max-image-preview:large","max-video-preview":"max-video-preview:-1"},"canonical":"https:\/\/bisamakina.com.tr\/?page_id=94","og_locale":"en_US","og_type":"article","og_title":"\u0130leti\u015fim - Bisa Makina","og_description":"Makina, ekskavat\u00f6r kiralama ve sat\u0131\u015f hizmetleri sunan lider bir \u015firkettir. En kaliteli ve g\u00fcvenilir ekskavat\u00f6rleri kiralamak veya sat\u0131n almak i\u00e7in bize ba\u015fvurun. Geni\u015f makina parkurumuz ve deneyimli ekibimizle m\u00fc\u015fteri memnuniyetine odaklanarak h\u0131zl\u0131 ve etkili \u00e7\u00f6z\u00fcmler sunuyoruz.","og_url":"https:\/\/bisamakina.com.tr\/?page_id=94","og_site_name":"Bisa Makina","article_modified_time":"2023-06-13T11:38:34+00:00","og_image":[{"width":4163,"height":1494,"url":"https:\/\/bisamakina.com.tr\/wp-content\/uploads\/2023\/06\/logo.png","type":"image\/png"}],"twitter_card":"summary_large_image","twitter_misc":{"Est. reading time":"2 minutes"},"schema":{"@context":"https:\/\/schema.org","@graph":[{"@type":"WebPage","@id":"https:\/\/bisamakina.com.tr\/?page_id=94","url":"https:\/\/bisamakina.com.tr\/?page_id=94","name":"\u0130leti\u015fim - Bisa Makina","isPartOf":{"@id":"https:\/\/bisamakina.com.tr\/#website"},"datePublished":"2017-08-21T11:00:59+00:00","dateModified":"2023-06-13T11:38:34+00:00","description":"Makina, ekskavat\u00f6r kiralama ve sat\u0131\u015f hizmetleri sunan lider bir \u015firkettir. En kaliteli ve g\u00fcvenilir ekskavat\u00f6rleri kiralamak veya sat\u0131n almak i\u00e7in bize ba\u015fvurun. Geni\u015f makina parkurumuz ve deneyimli ekibimizle m\u00fc\u015fteri memnuniyetine odaklanarak h\u0131zl\u0131 ve etkili \u00e7\u00f6z\u00fcmler sunuyoruz.","breadcrumb":{"@id":"https:\/\/bisamakina.com.tr\/?page_id=94#breadcrumb"},"inLanguage":"en-US","potentialAction":[{"@type":"ReadAction","target":["https:\/\/bisamakina.com.tr\/?page_id=94"]}]},{"@type":"BreadcrumbList","@id":"https:\/\/bisamakina.com.tr\/?page_id=94#breadcrumb","itemListElement":[{"@type":"ListItem","position":1,"name":"Anasayfa","item":"https:\/\/bisamakina.com.tr\/"},{"@type":"ListItem","position":2,"name":"\u0130leti\u015fim"}]},{"@type":"WebSite","@id":"https:\/\/bisamakina.com.tr\/#website","url":"https:\/\/bisamakina.com.tr\/","name":"Bisa Makina |","description":"","publisher":{"@id":"https:\/\/bisamakina.com.tr\/#organization"},"potentialAction":[{"@type":"SearchAction","target":{"@type":"EntryPoint","urlTemplate":"https:\/\/bisamakina.com.tr\/?s={search_term_string}"},"query-input":"required name=search_term_string"}],"inLanguage":"en-US"},{"@type":"Organization","@id":"https:\/\/bisamakina.com.tr\/#organization","name":"Bisa Makina |","url":"https:\/\/bisamakina.com.tr\/","logo":{"@type":"ImageObject","inLanguage":"en-US","@id":"https:\/\/bisamakina.com.tr\/#\/schema\/logo\/image\/","url":"https:\/\/bisamakina.com.tr\/wp-content\/uploads\/2023\/06\/cropped-favicon.png","contentUrl":"https:\/\/bisamakina.com.tr\/wp-content\/uploads\/2023\/06\/cropped-favicon.png","width":512,"height":512,"caption":"Bisa Makina |"},"image":{"@id":"https:\/\/bisamakina.com.tr\/#\/schema\/logo\/image\/"}}]}},"_links":{"self":[{"href":"https:\/\/bisamakina.com.tr\/index.php?rest_route=\/wp\/v2\/pages\/94"}],"collection":[{"href":"https:\/\/bisamakina.com.tr\/index.php?rest_route=\/wp\/v2\/pages"}],"about":[{"href":"https:\/\/bisamakina.com.tr\/index.php?rest_route=\/wp\/v2\/types\/page"}],"author":[{"embeddable":true,"href":"https:\/\/bisamakina.com.tr\/index.php?rest_route=\/wp\/v2\/users\/1"}],"replies":[{"embeddable":true,"href":"https:\/\/bisamakina.com.tr\/index.php?rest_route=%2Fwp%2Fv2%2Fcomments&post=94"}],"version-history":[{"count":2,"href":"https:\/\/bisamakina.com.tr\/index.php?rest_route=\/wp\/v2\/pages\/94\/revisions"}],"predecessor-version":[{"id":1101,"href":"https:\/\/bisamakina.com.tr\/index.php?rest_route=\/wp\/v2\/pages\/94\/revisions\/1101"}],"wp:attachment":[{"href":"https:\/\/bisamakina.com.tr\/index.php?rest_route=%2Fwp%2Fv2%2Fmedia&parent=94"}],"curies":[{"name":"wp","href":"https:\/\/api.w.org\/{rel}","templated":true}]}}