{"id":1220,"date":"2023-06-19T18:07:48","date_gmt":"2023-06-19T15:07:48","guid":{"rendered":"https:\/\/bisamakina.com.tr\/?post_type=product&#038;p=1220"},"modified":"2023-06-19T18:08:36","modified_gmt":"2023-06-19T15:08:36","slug":"forklift-2","status":"publish","type":"product","link":"https:\/\/bisamakina.com.tr\/?product=forklift-2","title":{"rendered":"Forklift"},"content":{"rendered":"<p>&#8220;G\u00fcvenli ve Verimli Malzeme Ta\u015f\u0131mac\u0131l\u0131\u011f\u0131 \u0130\u00e7in Forkliftler<\/p>\n<p>Forkliftler, malzeme ta\u015f\u0131mac\u0131l\u0131\u011f\u0131 ve depolama s\u00fcre\u00e7lerinde g\u00fcvenilir ve etkili bir \u00e7\u00f6z\u00fcm sunar. \u0130\u015fyerlerinde verimlili\u011fi art\u0131rmak, i\u015f g\u00fcc\u00fcn\u00fc optimize etmek ve malzeme y\u00f6netimini kolayla\u015ft\u0131rmak i\u00e7in vazge\u00e7ilmez bir ekipman haline gelmi\u015ftir.<\/p>\n<p>Firmam\u0131z, forkliftlerinizi ihtiya\u00e7lar\u0131n\u0131za uygun olarak sa\u011flamak i\u00e7in geni\u015f bir \u00fcr\u00fcn yelpazesi sunmaktad\u0131r. \u0130\u015fletmenizin gereksinimlerine g\u00f6re, farkl\u0131 y\u00fck kapasitelerine, y\u00fcksekliklere ve manevra kabiliyetlerine sahip \u00e7e\u015fitli forklift modelleri aras\u0131ndan se\u00e7im yapabilirsiniz.<\/p>\n","protected":false},"excerpt":{"rendered":"<p>&#8220;G\u00fcvenli ve Verimli Malzeme Ta\u015f\u0131mac\u0131l\u0131\u011f\u0131 \u0130\u00e7in Forkliftler<\/p>\n<p>Forkliftler, malzeme ta\u015f\u0131mac\u0131l\u0131\u011f\u0131 ve depolama s\u00fcre\u00e7lerinde g\u00fcvenilir ve etkili bir \u00e7\u00f6z\u00fcm sunar. \u0130\u015fyerlerinde verimlili\u011fi art\u0131rmak, i\u015f g\u00fcc\u00fcn\u00fc optimize etmek ve malzeme y\u00f6netimini kolayla\u015ft\u0131rmak i\u00e7in vazge\u00e7ilmez bir ekipman haline gelmi\u015ftir.<\/p>\n<p><a id=\"sc_button_2047358169\" class=\"sc_button color_style_link2 sc_button_default sc_button_size_small sc_button_icon_left\" href=\"https:\/\/karakusismakinalari.sahibinden.com\/\n\" target=\"_blank\" rel=\"noopener\"><span class=\"sc_button_text\"><span class=\"sc_button_title\">Sat\u0131n Almak \u0130\u00e7in\u00a0<\/span><\/span><\/a>\u00a0 \u00a0 <a id=\"sc_button_2047358169\" class=\"sc_button color_style_link2 sc_button_default sc_button_size_small sc_button_icon_left\" href=\"https:\/\/wa.me\/905559657955\" target=\"_blank\" rel=\"noopener\">\u00a0<span class=\"sc_button_text\"><span class=\"sc_button_title\">Kiralamak \u0130\u00e7in<\/span><\/span><\/a><\/p>\n","protected":false},"featured_media":1083,"comment_status":"open","ping_status":"closed","template":"","meta":[],"product_cat":[65],"product_tag":[],"yoast_head":"<!-- This site is optimized with the Yoast SEO plugin v20.9 - https:\/\/yoast.com\/wordpress\/plugins\/seo\/ -->\n<title>Forklift - Bisa Makina<\/title>\n<meta name=\"robots\" content=\"index, follow, max-snippet:-1, max-image-preview:large, max-video-preview:-1\" \/>\n<link rel=\"canonical\" href=\"https:\/\/bisamakina.com.tr\/?product=forklift-2\" \/>\n<meta property=\"og:locale\" content=\"en_US\" \/>\n<meta property=\"og:type\" content=\"article\" \/>\n<meta property=\"og:title\" content=\"Forklift - Bisa Makina\" \/>\n<meta property=\"og:description\" content=\"&quot;G\u00fcvenli ve Verimli Malzeme Ta\u015f\u0131mac\u0131l\u0131\u011f\u0131 \u0130\u00e7in Forkliftler  Forkliftler, malzeme ta\u015f\u0131mac\u0131l\u0131\u011f\u0131 ve depolama s\u00fcre\u00e7lerinde g\u00fcvenilir ve etkili bir \u00e7\u00f6z\u00fcm sunar. \u0130\u015fyerlerinde verimlili\u011fi art\u0131rmak, i\u015f g\u00fcc\u00fcn\u00fc optimize etmek ve malzeme y\u00f6netimini kolayla\u015ft\u0131rmak i\u00e7in vazge\u00e7ilmez bir ekipman haline gelmi\u015ftir.  Sat\u0131n Almak \u0130\u00e7in\u00a0\u00a0 \u00a0 \u00a0Kiralamak \u0130\u00e7in\" \/>\n<meta property=\"og:url\" content=\"https:\/\/bisamakina.com.tr\/?product=forklift-2\" \/>\n<meta property=\"og:site_name\" content=\"Bisa Makina\" \/>\n<meta property=\"article:modified_time\" content=\"2023-06-19T15:08:36+00:00\" \/>\n<meta property=\"og:image\" content=\"https:\/\/bisamakina.com.tr\/wp-content\/uploads\/2023\/06\/forklift-1.jpg\" \/>\n\t<meta property=\"og:image:width\" content=\"1200\" \/>\n\t<meta property=\"og:image:height\" content=\"720\" \/>\n\t<meta property=\"og:image:type\" content=\"image\/jpeg\" \/>\n<meta name=\"twitter:card\" content=\"summary_large_image\" \/>\n<meta name=\"twitter:label1\" content=\"Est. reading time\" \/>\n\t<meta name=\"twitter:data1\" content=\"1 minute\" \/>\n<script type=\"application\/ld+json\" class=\"yoast-schema-graph\">{\"@context\":\"https:\/\/schema.org\",\"@graph\":[{\"@type\":\"WebPage\",\"@id\":\"https:\/\/bisamakina.com.tr\/?product=forklift-2\",\"url\":\"https:\/\/bisamakina.com.tr\/?product=forklift-2\",\"name\":\"Forklift - Bisa Makina\",\"isPartOf\":{\"@id\":\"https:\/\/bisamakina.com.tr\/#website\"},\"datePublished\":\"2023-06-19T15:07:48+00:00\",\"dateModified\":\"2023-06-19T15:08:36+00:00\",\"breadcrumb\":{\"@id\":\"https:\/\/bisamakina.com.tr\/?product=forklift-2#breadcrumb\"},\"inLanguage\":\"en-US\",\"potentialAction\":[{\"@type\":\"ReadAction\",\"target\":[\"https:\/\/bisamakina.com.tr\/?product=forklift-2\"]}]},{\"@type\":\"BreadcrumbList\",\"@id\":\"https:\/\/bisamakina.com.tr\/?product=forklift-2#breadcrumb\",\"itemListElement\":[{\"@type\":\"ListItem\",\"position\":1,\"name\":\"Anasayfa\",\"item\":\"https:\/\/bisamakina.com.tr\/\"},{\"@type\":\"ListItem\",\"position\":2,\"name\":\"\u00dcr\u00fcnlerimiz\",\"item\":\"https:\/\/bisamakina.com.tr\/?page_id=31\"},{\"@type\":\"ListItem\",\"position\":3,\"name\":\"Forklift\"}]},{\"@type\":\"WebSite\",\"@id\":\"https:\/\/bisamakina.com.tr\/#website\",\"url\":\"https:\/\/bisamakina.com.tr\/\",\"name\":\"Bisa Makina |\",\"description\":\"\",\"publisher\":{\"@id\":\"https:\/\/bisamakina.com.tr\/#organization\"},\"potentialAction\":[{\"@type\":\"SearchAction\",\"target\":{\"@type\":\"EntryPoint\",\"urlTemplate\":\"https:\/\/bisamakina.com.tr\/?s={search_term_string}\"},\"query-input\":\"required name=search_term_string\"}],\"inLanguage\":\"en-US\"},{\"@type\":\"Organization\",\"@id\":\"https:\/\/bisamakina.com.tr\/#organization\",\"name\":\"Bisa Makina |\",\"url\":\"https:\/\/bisamakina.com.tr\/\",\"logo\":{\"@type\":\"ImageObject\",\"inLanguage\":\"en-US\",\"@id\":\"https:\/\/bisamakina.com.tr\/#\/schema\/logo\/image\/\",\"url\":\"https:\/\/bisamakina.com.tr\/wp-content\/uploads\/2023\/06\/cropped-favicon.png\",\"contentUrl\":\"https:\/\/bisamakina.com.tr\/wp-content\/uploads\/2023\/06\/cropped-favicon.png\",\"width\":512,\"height\":512,\"caption\":\"Bisa Makina |\"},\"image\":{\"@id\":\"https:\/\/bisamakina.com.tr\/#\/schema\/logo\/image\/\"}}]}<\/script>\n<!-- \/ Yoast SEO plugin. -->","yoast_head_json":{"title":"Forklift - Bisa Makina","robots":{"index":"index","follow":"follow","max-snippet":"max-snippet:-1","max-image-preview":"max-image-preview:large","max-video-preview":"max-video-preview:-1"},"canonical":"https:\/\/bisamakina.com.tr\/?product=forklift-2","og_locale":"en_US","og_type":"article","og_title":"Forklift - Bisa Makina","og_description":"\"G\u00fcvenli ve Verimli Malzeme Ta\u015f\u0131mac\u0131l\u0131\u011f\u0131 \u0130\u00e7in Forkliftler  Forkliftler, malzeme ta\u015f\u0131mac\u0131l\u0131\u011f\u0131 ve depolama s\u00fcre\u00e7lerinde g\u00fcvenilir ve etkili bir \u00e7\u00f6z\u00fcm sunar. \u0130\u015fyerlerinde verimlili\u011fi art\u0131rmak, i\u015f g\u00fcc\u00fcn\u00fc optimize etmek ve malzeme y\u00f6netimini kolayla\u015ft\u0131rmak i\u00e7in vazge\u00e7ilmez bir ekipman haline gelmi\u015ftir.  Sat\u0131n Almak \u0130\u00e7in\u00a0\u00a0 \u00a0 \u00a0Kiralamak \u0130\u00e7in","og_url":"https:\/\/bisamakina.com.tr\/?product=forklift-2","og_site_name":"Bisa Makina","article_modified_time":"2023-06-19T15:08:36+00:00","og_image":[{"width":1200,"height":720,"url":"https:\/\/bisamakina.com.tr\/wp-content\/uploads\/2023\/06\/forklift-1.jpg","type":"image\/jpeg"}],"twitter_card":"summary_large_image","twitter_misc":{"Est. reading time":"1 minute"},"schema":{"@context":"https:\/\/schema.org","@graph":[{"@type":"WebPage","@id":"https:\/\/bisamakina.com.tr\/?product=forklift-2","url":"https:\/\/bisamakina.com.tr\/?product=forklift-2","name":"Forklift - Bisa Makina","isPartOf":{"@id":"https:\/\/bisamakina.com.tr\/#website"},"datePublished":"2023-06-19T15:07:48+00:00","dateModified":"2023-06-19T15:08:36+00:00","breadcrumb":{"@id":"https:\/\/bisamakina.com.tr\/?product=forklift-2#breadcrumb"},"inLanguage":"en-US","potentialAction":[{"@type":"ReadAction","target":["https:\/\/bisamakina.com.tr\/?product=forklift-2"]}]},{"@type":"BreadcrumbList","@id":"https:\/\/bisamakina.com.tr\/?product=forklift-2#breadcrumb","itemListElement":[{"@type":"ListItem","position":1,"name":"Anasayfa","item":"https:\/\/bisamakina.com.tr\/"},{"@type":"ListItem","position":2,"name":"\u00dcr\u00fcnlerimiz","item":"https:\/\/bisamakina.com.tr\/?page_id=31"},{"@type":"ListItem","position":3,"name":"Forklift"}]},{"@type":"WebSite","@id":"https:\/\/bisamakina.com.tr\/#website","url":"https:\/\/bisamakina.com.tr\/","name":"Bisa Makina |","description":"","publisher":{"@id":"https:\/\/bisamakina.com.tr\/#organization"},"potentialAction":[{"@type":"SearchAction","target":{"@type":"EntryPoint","urlTemplate":"https:\/\/bisamakina.com.tr\/?s={search_term_string}"},"query-input":"required name=search_term_string"}],"inLanguage":"en-US"},{"@type":"Organization","@id":"https:\/\/bisamakina.com.tr\/#organization","name":"Bisa Makina |","url":"https:\/\/bisamakina.com.tr\/","logo":{"@type":"ImageObject","inLanguage":"en-US","@id":"https:\/\/bisamakina.com.tr\/#\/schema\/logo\/image\/","url":"https:\/\/bisamakina.com.tr\/wp-content\/uploads\/2023\/06\/cropped-favicon.png","contentUrl":"https:\/\/bisamakina.com.tr\/wp-content\/uploads\/2023\/06\/cropped-favicon.png","width":512,"height":512,"caption":"Bisa Makina |"},"image":{"@id":"https:\/\/bisamakina.com.tr\/#\/schema\/logo\/image\/"}}]}},"_links":{"self":[{"href":"https:\/\/bisamakina.com.tr\/index.php?rest_route=\/wp\/v2\/product\/1220"}],"collection":[{"href":"https:\/\/bisamakina.com.tr\/index.php?rest_route=\/wp\/v2\/product"}],"about":[{"href":"https:\/\/bisamakina.com.tr\/index.php?rest_route=\/wp\/v2\/types\/product"}],"replies":[{"embeddable":true,"href":"https:\/\/bisamakina.com.tr\/index.php?rest_route=%2Fwp%2Fv2%2Fcomments&post=1220"}],"wp:featuredmedia":[{"embeddable":true,"href":"https:\/\/bisamakina.com.tr\/index.php?rest_route=\/wp\/v2\/media\/1083"}],"wp:attachment":[{"href":"https:\/\/bisamakina.com.tr\/index.php?rest_route=%2Fwp%2Fv2%2Fmedia&parent=1220"}],"wp:term":[{"taxonomy":"product_cat","embeddable":true,"href":"https:\/\/bisamakina.com.tr\/index.php?rest_route=%2Fwp%2Fv2%2Fproduct_cat&post=1220"},{"taxonomy":"product_tag","embeddable":true,"href":"https:\/\/bisamakina.com.tr\/index.php?rest_route=%2Fwp%2Fv2%2Fproduct_tag&post=1220"}],"curies":[{"name":"wp","href":"https:\/\/api.w.org\/{rel}","templated":true}]}}