{"id":1221,"date":"2023-06-19T18:07:52","date_gmt":"2023-06-19T15:07:52","guid":{"rendered":"https:\/\/bisamakina.com.tr\/?post_type=product&#038;p=1221"},"modified":"2023-06-19T18:08:42","modified_gmt":"2023-06-19T15:08:42","slug":"dozer-3","status":"publish","type":"product","link":"https:\/\/bisamakina.com.tr\/?product=dozer-3","title":{"rendered":"Dozer"},"content":{"rendered":"<p>&nbsp;<\/p>\n<p>&#8220;Kusursuz i\u015fler i\u00e7in g\u00fcvenilir bir \u00e7\u00f6z\u00fcm: Dozer Kiralama Hizmeti <em><strong><a href=\"https:\/\/sahibinden.com\">Kiralamak ve Sat\u0131n Almak \u0130\u00e7in T\u0131klay\u0131n<\/a><\/strong><\/em><\/p>\n<p>Dozer kiralama hizmetimiz, in\u015faat, madencilik, tar\u0131m ve di\u011fer sekt\u00f6rlerde faaliyet g\u00f6steren m\u00fc\u015fterilerimiz i\u00e7in m\u00fckemmel bir \u00e7\u00f6z\u00fcmd\u00fcr. \u0130htiya\u00e7 duydu\u011funuz g\u00fc\u00e7l\u00fc ve dayan\u0131kl\u0131 ekipman\u0131 sa\u011flayarak, projelerinizi ba\u015far\u0131yla tamamlaman\u0131za yard\u0131mc\u0131 oluyoruz.<\/p>\n<p>Firmam\u0131z, sekt\u00f6rde deneyimli ve uzmanla\u015fm\u0131\u015f ekipman operat\u00f6rleri taraf\u0131ndan kullan\u0131lan son teknolojiye sahip dozerler sunmaktad\u0131r. Her biri y\u00fcksek performans, g\u00fcvenilirlik ve verimlilik i\u00e7in tasarlanm\u0131\u015f olan dozerlerimiz, en zorlu arazi ko\u015fullar\u0131nda bile etkileyici bir \u015fekilde \u00e7al\u0131\u015f\u0131r. Geni\u015f paletli yap\u0131s\u0131yla, y\u00fcksek \u00e7eki\u015f g\u00fcc\u00fc ve istikrarl\u0131 manevra kabiliyeti sunarak projelerinizde \u00fcst\u00fcn bir performans sergiler.<\/p>\n<p>Dozer kiralama hizmetimiz, esneklik ve maliyet etkinli\u011fi sunar. \u0130htiyac\u0131n\u0131za g\u00f6re, k\u0131sa vadeli veya uzun vadeli projeleriniz i\u00e7in uygun kiralama s\u00fcreleri sunuyoruz. B\u00f6ylece, projelerinizin gereksinimlerine tam olarak uyacak \u015fekilde ekipman temin edebilir ve maliyetlerinizi optimize edebilirsiniz. Ayr\u0131ca, d\u00fczenli bak\u0131m ve teknik destek hizmetleriyle, operasyonlar\u0131n\u0131z\u0131n kesintisiz ve sorunsuz bir \u015fekilde ilerlemesini sa\u011fl\u0131yoruz.<\/p>\n","protected":false},"excerpt":{"rendered":"<p>&#8220;Kusursuz i\u015fler i\u00e7in g\u00fcvenilir bir \u00e7\u00f6z\u00fcm: Dozer Kiralama Hizmeti <em><strong><a href=\"https:\/\/sahibinden.com\">Kiralamak ve Sat\u0131n Almak \u0130\u00e7in T\u0131klay\u0131n<\/a><\/strong><\/em><\/p>\n<p>Dozer kiralama hizmetimiz, in\u015faat, madencilik, tar\u0131m ve di\u011fer sekt\u00f6rlerde faaliyet g\u00f6steren m\u00fc\u015fterilerimiz i\u00e7in m\u00fckemmel bir \u00e7\u00f6z\u00fcmd\u00fcr. \u0130htiya\u00e7 duydu\u011funuz g\u00fc\u00e7l\u00fc ve dayan\u0131kl\u0131 ekipman\u0131 sa\u011flayarak, projelerinizi ba\u015far\u0131yla tamamlaman\u0131za yard\u0131mc\u0131 oluyoruz.<\/p>\n<p><a id=\"sc_button_2047358169\" class=\"sc_button color_style_link2 sc_button_default sc_button_size_small sc_button_icon_left\" href=\"https:\/\/karakusismakinalari.sahibinden.com\/\n\" target=\"_blank\" rel=\"noopener\"><span class=\"sc_button_text\"><span class=\"sc_button_title\">Sat\u0131n Almak \u0130\u00e7in\u00a0<\/span><\/span><\/a>\u00a0 \u00a0 <a id=\"sc_button_2047358169\" class=\"sc_button color_style_link2 sc_button_default sc_button_size_small sc_button_icon_left\" href=\"https:\/\/wa.me\/905559657955\" target=\"_blank\" rel=\"noopener\">\u00a0<span class=\"sc_button_text\"><span class=\"sc_button_title\">Kiralamak \u0130\u00e7in<\/span><\/span><\/a><\/p>\n","protected":false},"featured_media":1082,"comment_status":"open","ping_status":"closed","template":"","meta":[],"product_cat":[64],"product_tag":[],"yoast_head":"<!-- This site is optimized with the Yoast SEO plugin v20.9 - https:\/\/yoast.com\/wordpress\/plugins\/seo\/ -->\n<title>Dozer - Bisa Makina<\/title>\n<meta name=\"robots\" content=\"index, follow, max-snippet:-1, max-image-preview:large, max-video-preview:-1\" \/>\n<link rel=\"canonical\" href=\"https:\/\/bisamakina.com.tr\/?product=dozer-3\" \/>\n<meta property=\"og:locale\" content=\"en_US\" \/>\n<meta property=\"og:type\" content=\"article\" \/>\n<meta property=\"og:title\" content=\"Dozer - Bisa Makina\" \/>\n<meta property=\"og:description\" content=\"&quot;Kusursuz i\u015fler i\u00e7in g\u00fcvenilir bir \u00e7\u00f6z\u00fcm: Dozer Kiralama Hizmeti Kiralamak ve Sat\u0131n Almak \u0130\u00e7in T\u0131klay\u0131n  Dozer kiralama hizmetimiz, in\u015faat, madencilik, tar\u0131m ve di\u011fer sekt\u00f6rlerde faaliyet g\u00f6steren m\u00fc\u015fterilerimiz i\u00e7in m\u00fckemmel bir \u00e7\u00f6z\u00fcmd\u00fcr. \u0130htiya\u00e7 duydu\u011funuz g\u00fc\u00e7l\u00fc ve dayan\u0131kl\u0131 ekipman\u0131 sa\u011flayarak, projelerinizi ba\u015far\u0131yla tamamlaman\u0131za yard\u0131mc\u0131 oluyoruz.  Sat\u0131n Almak \u0130\u00e7in\u00a0\u00a0 \u00a0 \u00a0Kiralamak \u0130\u00e7in\" \/>\n<meta property=\"og:url\" content=\"https:\/\/bisamakina.com.tr\/?product=dozer-3\" \/>\n<meta property=\"og:site_name\" content=\"Bisa Makina\" \/>\n<meta property=\"article:modified_time\" content=\"2023-06-19T15:08:42+00:00\" \/>\n<meta property=\"og:image\" content=\"https:\/\/bisamakina.com.tr\/wp-content\/uploads\/2023\/06\/dozer-1.jpg\" \/>\n\t<meta property=\"og:image:width\" content=\"1200\" \/>\n\t<meta property=\"og:image:height\" content=\"720\" \/>\n\t<meta property=\"og:image:type\" content=\"image\/jpeg\" \/>\n<meta name=\"twitter:card\" content=\"summary_large_image\" \/>\n<meta name=\"twitter:label1\" content=\"Est. reading time\" \/>\n\t<meta name=\"twitter:data1\" content=\"1 minute\" \/>\n<script type=\"application\/ld+json\" class=\"yoast-schema-graph\">{\"@context\":\"https:\/\/schema.org\",\"@graph\":[{\"@type\":\"WebPage\",\"@id\":\"https:\/\/bisamakina.com.tr\/?product=dozer-3\",\"url\":\"https:\/\/bisamakina.com.tr\/?product=dozer-3\",\"name\":\"Dozer - Bisa Makina\",\"isPartOf\":{\"@id\":\"https:\/\/bisamakina.com.tr\/#website\"},\"datePublished\":\"2023-06-19T15:07:52+00:00\",\"dateModified\":\"2023-06-19T15:08:42+00:00\",\"breadcrumb\":{\"@id\":\"https:\/\/bisamakina.com.tr\/?product=dozer-3#breadcrumb\"},\"inLanguage\":\"en-US\",\"potentialAction\":[{\"@type\":\"ReadAction\",\"target\":[\"https:\/\/bisamakina.com.tr\/?product=dozer-3\"]}]},{\"@type\":\"BreadcrumbList\",\"@id\":\"https:\/\/bisamakina.com.tr\/?product=dozer-3#breadcrumb\",\"itemListElement\":[{\"@type\":\"ListItem\",\"position\":1,\"name\":\"Anasayfa\",\"item\":\"https:\/\/bisamakina.com.tr\/\"},{\"@type\":\"ListItem\",\"position\":2,\"name\":\"\u00dcr\u00fcnlerimiz\",\"item\":\"https:\/\/bisamakina.com.tr\/?page_id=31\"},{\"@type\":\"ListItem\",\"position\":3,\"name\":\"Dozer\"}]},{\"@type\":\"WebSite\",\"@id\":\"https:\/\/bisamakina.com.tr\/#website\",\"url\":\"https:\/\/bisamakina.com.tr\/\",\"name\":\"Bisa Makina |\",\"description\":\"\",\"publisher\":{\"@id\":\"https:\/\/bisamakina.com.tr\/#organization\"},\"potentialAction\":[{\"@type\":\"SearchAction\",\"target\":{\"@type\":\"EntryPoint\",\"urlTemplate\":\"https:\/\/bisamakina.com.tr\/?s={search_term_string}\"},\"query-input\":\"required name=search_term_string\"}],\"inLanguage\":\"en-US\"},{\"@type\":\"Organization\",\"@id\":\"https:\/\/bisamakina.com.tr\/#organization\",\"name\":\"Bisa Makina |\",\"url\":\"https:\/\/bisamakina.com.tr\/\",\"logo\":{\"@type\":\"ImageObject\",\"inLanguage\":\"en-US\",\"@id\":\"https:\/\/bisamakina.com.tr\/#\/schema\/logo\/image\/\",\"url\":\"https:\/\/bisamakina.com.tr\/wp-content\/uploads\/2023\/06\/cropped-favicon.png\",\"contentUrl\":\"https:\/\/bisamakina.com.tr\/wp-content\/uploads\/2023\/06\/cropped-favicon.png\",\"width\":512,\"height\":512,\"caption\":\"Bisa Makina |\"},\"image\":{\"@id\":\"https:\/\/bisamakina.com.tr\/#\/schema\/logo\/image\/\"}}]}<\/script>\n<!-- \/ Yoast SEO plugin. -->","yoast_head_json":{"title":"Dozer - Bisa Makina","robots":{"index":"index","follow":"follow","max-snippet":"max-snippet:-1","max-image-preview":"max-image-preview:large","max-video-preview":"max-video-preview:-1"},"canonical":"https:\/\/bisamakina.com.tr\/?product=dozer-3","og_locale":"en_US","og_type":"article","og_title":"Dozer - Bisa Makina","og_description":"\"Kusursuz i\u015fler i\u00e7in g\u00fcvenilir bir \u00e7\u00f6z\u00fcm: Dozer Kiralama Hizmeti Kiralamak ve Sat\u0131n Almak \u0130\u00e7in T\u0131klay\u0131n  Dozer kiralama hizmetimiz, in\u015faat, madencilik, tar\u0131m ve di\u011fer sekt\u00f6rlerde faaliyet g\u00f6steren m\u00fc\u015fterilerimiz i\u00e7in m\u00fckemmel bir \u00e7\u00f6z\u00fcmd\u00fcr. \u0130htiya\u00e7 duydu\u011funuz g\u00fc\u00e7l\u00fc ve dayan\u0131kl\u0131 ekipman\u0131 sa\u011flayarak, projelerinizi ba\u015far\u0131yla tamamlaman\u0131za yard\u0131mc\u0131 oluyoruz.  Sat\u0131n Almak \u0130\u00e7in\u00a0\u00a0 \u00a0 \u00a0Kiralamak \u0130\u00e7in","og_url":"https:\/\/bisamakina.com.tr\/?product=dozer-3","og_site_name":"Bisa Makina","article_modified_time":"2023-06-19T15:08:42+00:00","og_image":[{"width":1200,"height":720,"url":"https:\/\/bisamakina.com.tr\/wp-content\/uploads\/2023\/06\/dozer-1.jpg","type":"image\/jpeg"}],"twitter_card":"summary_large_image","twitter_misc":{"Est. reading time":"1 minute"},"schema":{"@context":"https:\/\/schema.org","@graph":[{"@type":"WebPage","@id":"https:\/\/bisamakina.com.tr\/?product=dozer-3","url":"https:\/\/bisamakina.com.tr\/?product=dozer-3","name":"Dozer - Bisa Makina","isPartOf":{"@id":"https:\/\/bisamakina.com.tr\/#website"},"datePublished":"2023-06-19T15:07:52+00:00","dateModified":"2023-06-19T15:08:42+00:00","breadcrumb":{"@id":"https:\/\/bisamakina.com.tr\/?product=dozer-3#breadcrumb"},"inLanguage":"en-US","potentialAction":[{"@type":"ReadAction","target":["https:\/\/bisamakina.com.tr\/?product=dozer-3"]}]},{"@type":"BreadcrumbList","@id":"https:\/\/bisamakina.com.tr\/?product=dozer-3#breadcrumb","itemListElement":[{"@type":"ListItem","position":1,"name":"Anasayfa","item":"https:\/\/bisamakina.com.tr\/"},{"@type":"ListItem","position":2,"name":"\u00dcr\u00fcnlerimiz","item":"https:\/\/bisamakina.com.tr\/?page_id=31"},{"@type":"ListItem","position":3,"name":"Dozer"}]},{"@type":"WebSite","@id":"https:\/\/bisamakina.com.tr\/#website","url":"https:\/\/bisamakina.com.tr\/","name":"Bisa Makina |","description":"","publisher":{"@id":"https:\/\/bisamakina.com.tr\/#organization"},"potentialAction":[{"@type":"SearchAction","target":{"@type":"EntryPoint","urlTemplate":"https:\/\/bisamakina.com.tr\/?s={search_term_string}"},"query-input":"required name=search_term_string"}],"inLanguage":"en-US"},{"@type":"Organization","@id":"https:\/\/bisamakina.com.tr\/#organization","name":"Bisa Makina |","url":"https:\/\/bisamakina.com.tr\/","logo":{"@type":"ImageObject","inLanguage":"en-US","@id":"https:\/\/bisamakina.com.tr\/#\/schema\/logo\/image\/","url":"https:\/\/bisamakina.com.tr\/wp-content\/uploads\/2023\/06\/cropped-favicon.png","contentUrl":"https:\/\/bisamakina.com.tr\/wp-content\/uploads\/2023\/06\/cropped-favicon.png","width":512,"height":512,"caption":"Bisa Makina |"},"image":{"@id":"https:\/\/bisamakina.com.tr\/#\/schema\/logo\/image\/"}}]}},"_links":{"self":[{"href":"https:\/\/bisamakina.com.tr\/index.php?rest_route=\/wp\/v2\/product\/1221"}],"collection":[{"href":"https:\/\/bisamakina.com.tr\/index.php?rest_route=\/wp\/v2\/product"}],"about":[{"href":"https:\/\/bisamakina.com.tr\/index.php?rest_route=\/wp\/v2\/types\/product"}],"replies":[{"embeddable":true,"href":"https:\/\/bisamakina.com.tr\/index.php?rest_route=%2Fwp%2Fv2%2Fcomments&post=1221"}],"wp:featuredmedia":[{"embeddable":true,"href":"https:\/\/bisamakina.com.tr\/index.php?rest_route=\/wp\/v2\/media\/1082"}],"wp:attachment":[{"href":"https:\/\/bisamakina.com.tr\/index.php?rest_route=%2Fwp%2Fv2%2Fmedia&parent=1221"}],"wp:term":[{"taxonomy":"product_cat","embeddable":true,"href":"https:\/\/bisamakina.com.tr\/index.php?rest_route=%2Fwp%2Fv2%2Fproduct_cat&post=1221"},{"taxonomy":"product_tag","embeddable":true,"href":"https:\/\/bisamakina.com.tr\/index.php?rest_route=%2Fwp%2Fv2%2Fproduct_tag&post=1221"}],"curies":[{"name":"wp","href":"https:\/\/api.w.org\/{rel}","templated":true}]}}