{"id":1225,"date":"2023-06-19T18:08:23","date_gmt":"2023-06-19T15:08:23","guid":{"rendered":"https:\/\/bisamakina.com.tr\/?post_type=product&#038;p=1225"},"modified":"2023-06-19T18:09:02","modified_gmt":"2023-06-19T15:09:02","slug":"paletli-eksavator-2","status":"publish","type":"product","link":"https:\/\/bisamakina.com.tr\/?product=paletli-eksavator-2","title":{"rendered":"Paletli Eksavat\u00f6r"},"content":{"rendered":"<p>&#8220;Kolay Manevra ve Y\u00fcksek Performansl\u0131 Paletli Ekskavat\u00f6rler<\/p>\n<p>Paletli ekskavat\u00f6rler, in\u015faat, madencilik, kaz\u0131, altyap\u0131 \u00e7al\u0131\u015fmalar\u0131 ve benzeri bir\u00e7ok sekt\u00f6rde geni\u015f bir kullan\u0131m alan\u0131na sahip olan i\u015f makineleridir. G\u00fc\u00e7l\u00fc motorlar\u0131, \u00e7e\u015fitli ata\u015fman se\u00e7enekleri ve y\u00fcksek performansl\u0131 hidrolik sistemleri ile verimli ve etkili bir \u015fekilde \u00e7al\u0131\u015fman\u0131za yard\u0131mc\u0131 olurlar.<\/p>\n<p>Firmam\u0131z, ihtiya\u00e7lar\u0131n\u0131za uygun paletli ekskavat\u00f6rler sunarak i\u015f s\u00fcre\u00e7lerinizi optimize etmenize yard\u0131mc\u0131 olur. Farkl\u0131 tonaj ve g\u00fc\u00e7 kapasitelerine sahip paletli ekskavat\u00f6r modellerimiz aras\u0131ndan se\u00e7im yapabilirsiniz. Dayan\u0131kl\u0131 yap\u0131s\u0131 ve y\u00fcksek ta\u015f\u0131ma kapasitesi sayesinde zorlu \u00e7al\u0131\u015fma ko\u015fullar\u0131nda bile \u00fcst\u00fcn bir performans sergiler.<\/p>\n","protected":false},"excerpt":{"rendered":"<p>&#8220;Kolay Manevra ve Y\u00fcksek Performansl\u0131 Paletli Ekskavat\u00f6rler<\/p>\n<p>Paletli ekskavat\u00f6rler, in\u015faat, madencilik, kaz\u0131, altyap\u0131 \u00e7al\u0131\u015fmalar\u0131 ve benzeri bir\u00e7ok sekt\u00f6rde geni\u015f bir kullan\u0131m alan\u0131na sahip olan i\u015f makineleridir. G\u00fc\u00e7l\u00fc motorlar\u0131, \u00e7e\u015fitli ata\u015fman se\u00e7enekleri ve y\u00fcksek performansl\u0131 hidrolik sistemleri ile verimli ve etkili bir \u015fekilde \u00e7al\u0131\u015fman\u0131za yard\u0131mc\u0131 olurlar.<\/p>\n<p><a id=\"sc_button_2047358169\" class=\"sc_button color_style_link2 sc_button_default sc_button_size_small sc_button_icon_left\" href=\"https:\/\/karakusismakinalari.sahibinden.com\/\n\" target=\"_blank\" rel=\"noopener\"><span class=\"sc_button_text\"><span class=\"sc_button_title\">Sat\u0131n Almak \u0130\u00e7in\u00a0<\/span><\/span><\/a>\u00a0 \u00a0 <a id=\"sc_button_2047358169\" class=\"sc_button color_style_link2 sc_button_default sc_button_size_small sc_button_icon_left\" href=\"https:\/\/wa.me\/905559657955\" target=\"_blank\" rel=\"noopener\">\u00a0<span class=\"sc_button_text\"><span class=\"sc_button_title\">Kiralamak \u0130\u00e7in<\/span><\/span><\/a><\/p>\n","protected":false},"featured_media":1089,"comment_status":"open","ping_status":"closed","template":"","meta":[],"product_cat":[41],"product_tag":[],"yoast_head":"<!-- This site is optimized with the Yoast SEO plugin v20.9 - https:\/\/yoast.com\/wordpress\/plugins\/seo\/ -->\n<title>Paletli Eksavat\u00f6r - Bisa Makina<\/title>\n<meta name=\"robots\" content=\"index, follow, max-snippet:-1, max-image-preview:large, max-video-preview:-1\" \/>\n<link rel=\"canonical\" href=\"https:\/\/bisamakina.com.tr\/?product=paletli-eksavator-2\" \/>\n<meta property=\"og:locale\" content=\"en_US\" \/>\n<meta property=\"og:type\" content=\"article\" \/>\n<meta property=\"og:title\" content=\"Paletli Eksavat\u00f6r - Bisa Makina\" \/>\n<meta property=\"og:description\" content=\"&quot;Kolay Manevra ve Y\u00fcksek Performansl\u0131 Paletli Ekskavat\u00f6rler  Paletli ekskavat\u00f6rler, in\u015faat, madencilik, kaz\u0131, altyap\u0131 \u00e7al\u0131\u015fmalar\u0131 ve benzeri bir\u00e7ok sekt\u00f6rde geni\u015f bir kullan\u0131m alan\u0131na sahip olan i\u015f makineleridir. G\u00fc\u00e7l\u00fc motorlar\u0131, \u00e7e\u015fitli ata\u015fman se\u00e7enekleri ve y\u00fcksek performansl\u0131 hidrolik sistemleri ile verimli ve etkili bir \u015fekilde \u00e7al\u0131\u015fman\u0131za yard\u0131mc\u0131 olurlar.  Sat\u0131n Almak \u0130\u00e7in\u00a0\u00a0 \u00a0 \u00a0Kiralamak \u0130\u00e7in\" \/>\n<meta property=\"og:url\" content=\"https:\/\/bisamakina.com.tr\/?product=paletli-eksavator-2\" \/>\n<meta property=\"og:site_name\" content=\"Bisa Makina\" \/>\n<meta property=\"article:modified_time\" content=\"2023-06-19T15:09:02+00:00\" \/>\n<meta property=\"og:image\" content=\"https:\/\/bisamakina.com.tr\/wp-content\/uploads\/2023\/06\/excavator.jpg\" \/>\n\t<meta property=\"og:image:width\" content=\"1200\" \/>\n\t<meta property=\"og:image:height\" content=\"720\" \/>\n\t<meta property=\"og:image:type\" content=\"image\/jpeg\" \/>\n<meta name=\"twitter:card\" content=\"summary_large_image\" \/>\n<meta name=\"twitter:label1\" content=\"Est. reading time\" \/>\n\t<meta name=\"twitter:data1\" content=\"1 minute\" \/>\n<script type=\"application\/ld+json\" class=\"yoast-schema-graph\">{\"@context\":\"https:\/\/schema.org\",\"@graph\":[{\"@type\":\"WebPage\",\"@id\":\"https:\/\/bisamakina.com.tr\/?product=paletli-eksavator-2\",\"url\":\"https:\/\/bisamakina.com.tr\/?product=paletli-eksavator-2\",\"name\":\"Paletli Eksavat\u00f6r - Bisa Makina\",\"isPartOf\":{\"@id\":\"https:\/\/bisamakina.com.tr\/#website\"},\"datePublished\":\"2023-06-19T15:08:23+00:00\",\"dateModified\":\"2023-06-19T15:09:02+00:00\",\"breadcrumb\":{\"@id\":\"https:\/\/bisamakina.com.tr\/?product=paletli-eksavator-2#breadcrumb\"},\"inLanguage\":\"en-US\",\"potentialAction\":[{\"@type\":\"ReadAction\",\"target\":[\"https:\/\/bisamakina.com.tr\/?product=paletli-eksavator-2\"]}]},{\"@type\":\"BreadcrumbList\",\"@id\":\"https:\/\/bisamakina.com.tr\/?product=paletli-eksavator-2#breadcrumb\",\"itemListElement\":[{\"@type\":\"ListItem\",\"position\":1,\"name\":\"Anasayfa\",\"item\":\"https:\/\/bisamakina.com.tr\/\"},{\"@type\":\"ListItem\",\"position\":2,\"name\":\"\u00dcr\u00fcnlerimiz\",\"item\":\"https:\/\/bisamakina.com.tr\/?page_id=31\"},{\"@type\":\"ListItem\",\"position\":3,\"name\":\"Paletli Eksavat\u00f6r\"}]},{\"@type\":\"WebSite\",\"@id\":\"https:\/\/bisamakina.com.tr\/#website\",\"url\":\"https:\/\/bisamakina.com.tr\/\",\"name\":\"Bisa Makina |\",\"description\":\"\",\"publisher\":{\"@id\":\"https:\/\/bisamakina.com.tr\/#organization\"},\"potentialAction\":[{\"@type\":\"SearchAction\",\"target\":{\"@type\":\"EntryPoint\",\"urlTemplate\":\"https:\/\/bisamakina.com.tr\/?s={search_term_string}\"},\"query-input\":\"required name=search_term_string\"}],\"inLanguage\":\"en-US\"},{\"@type\":\"Organization\",\"@id\":\"https:\/\/bisamakina.com.tr\/#organization\",\"name\":\"Bisa Makina |\",\"url\":\"https:\/\/bisamakina.com.tr\/\",\"logo\":{\"@type\":\"ImageObject\",\"inLanguage\":\"en-US\",\"@id\":\"https:\/\/bisamakina.com.tr\/#\/schema\/logo\/image\/\",\"url\":\"https:\/\/bisamakina.com.tr\/wp-content\/uploads\/2023\/06\/cropped-favicon.png\",\"contentUrl\":\"https:\/\/bisamakina.com.tr\/wp-content\/uploads\/2023\/06\/cropped-favicon.png\",\"width\":512,\"height\":512,\"caption\":\"Bisa Makina |\"},\"image\":{\"@id\":\"https:\/\/bisamakina.com.tr\/#\/schema\/logo\/image\/\"}}]}<\/script>\n<!-- \/ Yoast SEO plugin. -->","yoast_head_json":{"title":"Paletli Eksavat\u00f6r - Bisa Makina","robots":{"index":"index","follow":"follow","max-snippet":"max-snippet:-1","max-image-preview":"max-image-preview:large","max-video-preview":"max-video-preview:-1"},"canonical":"https:\/\/bisamakina.com.tr\/?product=paletli-eksavator-2","og_locale":"en_US","og_type":"article","og_title":"Paletli Eksavat\u00f6r - Bisa Makina","og_description":"\"Kolay Manevra ve Y\u00fcksek Performansl\u0131 Paletli Ekskavat\u00f6rler  Paletli ekskavat\u00f6rler, in\u015faat, madencilik, kaz\u0131, altyap\u0131 \u00e7al\u0131\u015fmalar\u0131 ve benzeri bir\u00e7ok sekt\u00f6rde geni\u015f bir kullan\u0131m alan\u0131na sahip olan i\u015f makineleridir. G\u00fc\u00e7l\u00fc motorlar\u0131, \u00e7e\u015fitli ata\u015fman se\u00e7enekleri ve y\u00fcksek performansl\u0131 hidrolik sistemleri ile verimli ve etkili bir \u015fekilde \u00e7al\u0131\u015fman\u0131za yard\u0131mc\u0131 olurlar.  Sat\u0131n Almak \u0130\u00e7in\u00a0\u00a0 \u00a0 \u00a0Kiralamak \u0130\u00e7in","og_url":"https:\/\/bisamakina.com.tr\/?product=paletli-eksavator-2","og_site_name":"Bisa Makina","article_modified_time":"2023-06-19T15:09:02+00:00","og_image":[{"width":1200,"height":720,"url":"https:\/\/bisamakina.com.tr\/wp-content\/uploads\/2023\/06\/excavator.jpg","type":"image\/jpeg"}],"twitter_card":"summary_large_image","twitter_misc":{"Est. reading time":"1 minute"},"schema":{"@context":"https:\/\/schema.org","@graph":[{"@type":"WebPage","@id":"https:\/\/bisamakina.com.tr\/?product=paletli-eksavator-2","url":"https:\/\/bisamakina.com.tr\/?product=paletli-eksavator-2","name":"Paletli Eksavat\u00f6r - Bisa Makina","isPartOf":{"@id":"https:\/\/bisamakina.com.tr\/#website"},"datePublished":"2023-06-19T15:08:23+00:00","dateModified":"2023-06-19T15:09:02+00:00","breadcrumb":{"@id":"https:\/\/bisamakina.com.tr\/?product=paletli-eksavator-2#breadcrumb"},"inLanguage":"en-US","potentialAction":[{"@type":"ReadAction","target":["https:\/\/bisamakina.com.tr\/?product=paletli-eksavator-2"]}]},{"@type":"BreadcrumbList","@id":"https:\/\/bisamakina.com.tr\/?product=paletli-eksavator-2#breadcrumb","itemListElement":[{"@type":"ListItem","position":1,"name":"Anasayfa","item":"https:\/\/bisamakina.com.tr\/"},{"@type":"ListItem","position":2,"name":"\u00dcr\u00fcnlerimiz","item":"https:\/\/bisamakina.com.tr\/?page_id=31"},{"@type":"ListItem","position":3,"name":"Paletli Eksavat\u00f6r"}]},{"@type":"WebSite","@id":"https:\/\/bisamakina.com.tr\/#website","url":"https:\/\/bisamakina.com.tr\/","name":"Bisa Makina |","description":"","publisher":{"@id":"https:\/\/bisamakina.com.tr\/#organization"},"potentialAction":[{"@type":"SearchAction","target":{"@type":"EntryPoint","urlTemplate":"https:\/\/bisamakina.com.tr\/?s={search_term_string}"},"query-input":"required name=search_term_string"}],"inLanguage":"en-US"},{"@type":"Organization","@id":"https:\/\/bisamakina.com.tr\/#organization","name":"Bisa Makina |","url":"https:\/\/bisamakina.com.tr\/","logo":{"@type":"ImageObject","inLanguage":"en-US","@id":"https:\/\/bisamakina.com.tr\/#\/schema\/logo\/image\/","url":"https:\/\/bisamakina.com.tr\/wp-content\/uploads\/2023\/06\/cropped-favicon.png","contentUrl":"https:\/\/bisamakina.com.tr\/wp-content\/uploads\/2023\/06\/cropped-favicon.png","width":512,"height":512,"caption":"Bisa Makina |"},"image":{"@id":"https:\/\/bisamakina.com.tr\/#\/schema\/logo\/image\/"}}]}},"_links":{"self":[{"href":"https:\/\/bisamakina.com.tr\/index.php?rest_route=\/wp\/v2\/product\/1225"}],"collection":[{"href":"https:\/\/bisamakina.com.tr\/index.php?rest_route=\/wp\/v2\/product"}],"about":[{"href":"https:\/\/bisamakina.com.tr\/index.php?rest_route=\/wp\/v2\/types\/product"}],"replies":[{"embeddable":true,"href":"https:\/\/bisamakina.com.tr\/index.php?rest_route=%2Fwp%2Fv2%2Fcomments&post=1225"}],"wp:featuredmedia":[{"embeddable":true,"href":"https:\/\/bisamakina.com.tr\/index.php?rest_route=\/wp\/v2\/media\/1089"}],"wp:attachment":[{"href":"https:\/\/bisamakina.com.tr\/index.php?rest_route=%2Fwp%2Fv2%2Fmedia&parent=1225"}],"wp:term":[{"taxonomy":"product_cat","embeddable":true,"href":"https:\/\/bisamakina.com.tr\/index.php?rest_route=%2Fwp%2Fv2%2Fproduct_cat&post=1225"},{"taxonomy":"product_tag","embeddable":true,"href":"https:\/\/bisamakina.com.tr\/index.php?rest_route=%2Fwp%2Fv2%2Fproduct_tag&post=1225"}],"curies":[{"name":"wp","href":"https:\/\/api.w.org\/{rel}","templated":true}]}}